{"id":10058,"date":"2023-03-02T00:17:38","date_gmt":"2023-03-02T00:17:38","guid":{"rendered":"https:\/\/fantasyrooms.com\/blog\/?page_id=10058"},"modified":"2023-03-02T01:35:33","modified_gmt":"2023-03-02T01:35:33","slug":"notas-de-medios","status":"publish","type":"page","link":"https:\/\/fantasyrooms.com\/blog\/notas-de-medios\/","title":{"rendered":"Notas de Medios"},"content":{"rendered":"<section class=\"l-section wpb_row height_small\"><div class=\"l-section-h i-cf\"><div class=\"g-cols vc_row via_flex valign_top type_default stacking_default\"><div class=\"vc_col-sm-12 wpb_column vc_column_container\"><div class=\"vc_column-inner\"><div class=\"wpb_wrapper\"><h1 class=\"w-post-elm post_title us_custom_a574d586 has_text_color entry-title color_link_inherit\">Notas de Medios<\/h1><div class=\"w-separator size_small\"><\/div><div class=\"w-grid type_grid layout_10057 cols_4 with_css_animation ratio_4x3\" id=\"us_grid_1\" data-filterable=\"true\"><style>#us_grid_1 .w-grid-item{padding:1rem}#us_grid_1 .w-grid-list{margin:-1rem -1rem 1rem}.w-grid + #us_grid_1 .w-grid-list,.w-grid-none + #us_grid_1 .w-grid-list{margin-top:1rem}@media (max-width:1280px){#us_grid_1 .w-grid-item{width:33.3333%}#us_grid_1 .w-grid-item.size_2x1,#us_grid_1 .w-grid-item.size_2x2{width:66.6667%}}@media (max-width:1024px){#us_grid_1 .w-grid-item{width:50%}#us_grid_1 .w-grid-item.size_2x1,#us_grid_1 .w-grid-item.size_2x2{width:100%}}@media (max-width:600px){#us_grid_1 .w-grid-list{margin:0}#us_grid_1 .w-grid-item{width:100%;padding:0;margin-bottom:1rem}}.layout_10057 .w-grid-item-h:before{padding-bottom:75%}@media (min-width:601px){.layout_10057 .w-grid-item.size_1x2 .w-grid-item-h:before{padding-bottom:calc(150% + 1rem + 1rem)}.layout_10057 .w-grid-item.size_2x1 .w-grid-item-h:before{padding-bottom:calc(37.5% - 1rem * 0.75)}.layout_10057 .w-grid-item.size_2x2 .w-grid-item-h:before{padding-bottom:calc(75% - 1rem * -0.5)}}.layout_10057 .w-grid-item-h{}.layout_10057 .usg_post_image_1{transition-duration:0.3s;transform-origin:50% 50%;transform:scale(1) translate(0%,0%)}.layout_10057 .w-grid-item-h:hover .usg_post_image_1{transform:scale(1.1) translate(0%,0%);opacity:1}.layout_10057 .usg_post_image_1{position:absolute!important;left:0!important;top:0!important;bottom:0!important;right:0!important}.layout_10057 .usg_post_title_1{color:inherit!important;font-size:1.4rem!important}.layout_10057 .usg_vwrapper_1{color:var(--color-content-heading)!important;padding-top:0.8rem!important;padding-bottom:0.8rem!important;padding-right:2rem!important;position:absolute!important;left:0!important;bottom:0!important;right:2rem!important;background:var(--color-content-bg)!important}@media (max-width:600px){.layout_10057 .usg_post_title_1{font-size:1.2rem!important}}<\/style><div class=\"w-grid-list\">\t<article class=\"w-grid-item us_animate_afl size_1x1 post-10083 notas_medios type-notas_medios status-publish has-post-thumbnail hentry\" data-id=\"10083\" style=\"animation-delay:0s\">\r\n\t\t<div class=\"w-grid-item-h\">\r\n\t\t\t\t\t\t<div class=\"w-post-elm post_image usg_post_image_1 has_ratio\"><div style=\"padding-bottom:100%\"><\/div><a href=\"https:\/\/www.teletica.com\/nacional\/moteles-se-apuntan-a-la-nota-sostenible-agua-de-jacuzzis-se-calienta-con-paneles-solares_283085\" target=\"_blank\" rel=\"noopener nofollow\" aria-label=\"TELETICA\"><img decoding=\"async\" width=\"924\" height=\"520\" data-src=\"https:\/\/fantasyrooms.com\/blog\/wp-content\/uploads\/2023\/03\/cadena-de-moteles-implementa-cambios-para-ser-amigable-con-el-med_1510353633_1140x520_11zon.jpg\" class=\"attachment-full size-full wp-post-image lazyload\" alt=\"Fantasy Rooms\" data-srcset=\"https:\/\/fantasyrooms.com\/blog\/wp-content\/uploads\/2023\/03\/cadena-de-moteles-implementa-cambios-para-ser-amigable-con-el-med_1510353633_1140x520_11zon.jpg 924w, https:\/\/fantasyrooms.com\/blog\/wp-content\/uploads\/2023\/03\/cadena-de-moteles-implementa-cambios-para-ser-amigable-con-el-med_1510353633_1140x520_11zon-300x169.jpg 300w\" data-sizes=\"(max-width: 924px) 100vw, 924px\" src=\"data:image\/svg+xml;base64,PHN2ZyB3aWR0aD0iMSIgaGVpZ2h0PSIxIiB4bWxucz0iaHR0cDovL3d3dy53My5vcmcvMjAwMC9zdmciPjwvc3ZnPg==\" style=\"--smush-placeholder-width: 924px; --smush-placeholder-aspect-ratio: 924\/520;\" \/><\/a><\/div><div class=\"w-vwrapper usg_vwrapper_1 has_text_color align_none valign_top\"><h2 class=\"w-post-elm post_title usg_post_title_1 has_text_color entry-title color_link_inherit\"><a href=\"https:\/\/www.teletica.com\/nacional\/moteles-se-apuntan-a-la-nota-sostenible-agua-de-jacuzzis-se-calienta-con-paneles-solares_283085\" target=\"_blank\" rel=\"noopener nofollow\">TELETICA<\/a><\/h2><a class=\"w-btn us-btn-style_8 usg_btn_1 icon_atleft\" href=\"https:\/\/www.teletica.com\/nacional\/moteles-se-apuntan-a-la-nota-sostenible-agua-de-jacuzzis-se-calienta-con-paneles-solares_283085\" target=\"_blank\" rel=\"noopener nofollow\"><i class=\"fas fa-newspaper\"><\/i><span class=\"w-btn-label\">Ver nota<\/span><\/a><\/div>\t\t<\/div>\r\n\t<\/article>\r\n\t<article class=\"w-grid-item us_animate_afl size_1x1 post-10081 notas_medios type-notas_medios status-publish has-post-thumbnail hentry\" data-id=\"10081\" style=\"animation-delay:0.1s\">\r\n\t\t<div class=\"w-grid-item-h\">\r\n\t\t\t\t\t\t<div class=\"w-post-elm post_image usg_post_image_1 has_ratio\"><div style=\"padding-bottom:100%\"><\/div><a href=\"https:\/\/apetitoenlinea.com\/fantasy-rooms-con-proyecto-solar-termico-mas-grande-de-costa-rica\/\" target=\"_blank\" rel=\"noopener nofollow\" aria-label=\"Revista Apetito\"><img decoding=\"async\" width=\"2560\" height=\"792\" data-src=\"https:\/\/fantasyrooms.com\/blog\/wp-content\/uploads\/2023\/03\/Asset-1_11zon-scaled.jpg\" class=\"attachment-full size-full wp-post-image lazyload\" alt=\"Fantasy Rooms\" data-srcset=\"https:\/\/fantasyrooms.com\/blog\/wp-content\/uploads\/2023\/03\/Asset-1_11zon-scaled.jpg 2560w, https:\/\/fantasyrooms.com\/blog\/wp-content\/uploads\/2023\/03\/Asset-1_11zon-300x93.jpg 300w, https:\/\/fantasyrooms.com\/blog\/wp-content\/uploads\/2023\/03\/Asset-1_11zon-1024x317.jpg 1024w, https:\/\/fantasyrooms.com\/blog\/wp-content\/uploads\/2023\/03\/Asset-1_11zon-1536x475.jpg 1536w\" data-sizes=\"(max-width: 2560px) 100vw, 2560px\" src=\"data:image\/svg+xml;base64,PHN2ZyB3aWR0aD0iMSIgaGVpZ2h0PSIxIiB4bWxucz0iaHR0cDovL3d3dy53My5vcmcvMjAwMC9zdmciPjwvc3ZnPg==\" style=\"--smush-placeholder-width: 2560px; --smush-placeholder-aspect-ratio: 2560\/792;\" \/><\/a><\/div><div class=\"w-vwrapper usg_vwrapper_1 has_text_color align_none valign_top\"><h2 class=\"w-post-elm post_title usg_post_title_1 has_text_color entry-title color_link_inherit\"><a href=\"https:\/\/apetitoenlinea.com\/fantasy-rooms-con-proyecto-solar-termico-mas-grande-de-costa-rica\/\" target=\"_blank\" rel=\"noopener nofollow\">Revista Apetito<\/a><\/h2><a class=\"w-btn us-btn-style_8 usg_btn_1 icon_atleft\" href=\"https:\/\/apetitoenlinea.com\/fantasy-rooms-con-proyecto-solar-termico-mas-grande-de-costa-rica\/\" target=\"_blank\" rel=\"noopener nofollow\"><i class=\"fas fa-newspaper\"><\/i><span class=\"w-btn-label\">Ver nota<\/span><\/a><\/div>\t\t<\/div>\r\n\t<\/article>\r\n\t<article class=\"w-grid-item us_animate_afl size_1x1 post-10055 notas_medios type-notas_medios status-publish has-post-thumbnail hentry\" data-id=\"10055\" style=\"animation-delay:0.2s\">\r\n\t\t<div class=\"w-grid-item-h\">\r\n\t\t\t\t\t\t<div class=\"w-post-elm post_image usg_post_image_1 has_ratio\"><div style=\"padding-bottom:100%\"><\/div><a href=\"https:\/\/youtu.be\/3jV8iMWLUW8\" target=\"_blank\" rel=\"noopener nofollow\" aria-label=\"Chavanews CR\"><img decoding=\"async\" width=\"900\" height=\"900\" data-src=\"https:\/\/fantasyrooms.com\/blog\/wp-content\/uploads\/2023\/03\/ChavanewsCR.jpeg\" class=\"attachment-full size-full wp-post-image lazyload\" alt=\"ChavanewsCR\" data-srcset=\"https:\/\/fantasyrooms.com\/blog\/wp-content\/uploads\/2023\/03\/ChavanewsCR.jpeg 900w, https:\/\/fantasyrooms.com\/blog\/wp-content\/uploads\/2023\/03\/ChavanewsCR-300x300.jpeg 300w, https:\/\/fantasyrooms.com\/blog\/wp-content\/uploads\/2023\/03\/ChavanewsCR-150x150.jpeg 150w\" data-sizes=\"(max-width: 900px) 100vw, 900px\" src=\"data:image\/svg+xml;base64,PHN2ZyB3aWR0aD0iMSIgaGVpZ2h0PSIxIiB4bWxucz0iaHR0cDovL3d3dy53My5vcmcvMjAwMC9zdmciPjwvc3ZnPg==\" style=\"--smush-placeholder-width: 900px; --smush-placeholder-aspect-ratio: 900\/900;\" \/><\/a><\/div><div class=\"w-vwrapper usg_vwrapper_1 has_text_color align_none valign_top\"><h2 class=\"w-post-elm post_title usg_post_title_1 has_text_color entry-title color_link_inherit\"><a href=\"https:\/\/youtu.be\/3jV8iMWLUW8\" target=\"_blank\" rel=\"noopener nofollow\">Chavanews CR<\/a><\/h2><a class=\"w-btn us-btn-style_8 usg_btn_1 icon_atleft\" href=\"https:\/\/youtu.be\/3jV8iMWLUW8\" target=\"_blank\" rel=\"noopener nofollow\"><i class=\"fas fa-newspaper\"><\/i><span class=\"w-btn-label\">Ver nota<\/span><\/a><\/div>\t\t<\/div>\r\n\t<\/article>\r\n\t<article class=\"w-grid-item us_animate_afl size_1x1 post-10072 notas_medios type-notas_medios status-publish has-post-thumbnail hentry\" data-id=\"10072\" style=\"animation-delay:0.3s\">\r\n\t\t<div class=\"w-grid-item-h\">\r\n\t\t\t\t\t\t<div class=\"w-post-elm post_image usg_post_image_1 has_ratio\"><div style=\"padding-bottom:100%\"><\/div><a href=\"https:\/\/www.elfinancierocr.com\/negocios\/fantasy-rooms-alivia-la-caida-de-visitantes-con\/PIGJDX3JUFGYFFAKSSBEWFOTCQ\/story\/\" target=\"_blank\" rel=\"noopener nofollow\" aria-label=\"EL FINANCIERO\"><img decoding=\"async\" width=\"225\" height=\"225\" data-src=\"https:\/\/fantasyrooms.com\/blog\/wp-content\/uploads\/2023\/03\/descarga_11zon.jpg\" class=\"attachment-full size-full wp-post-image lazyload\" alt=\"Fantasy Rooms\" data-srcset=\"https:\/\/fantasyrooms.com\/blog\/wp-content\/uploads\/2023\/03\/descarga_11zon.jpg 225w, https:\/\/fantasyrooms.com\/blog\/wp-content\/uploads\/2023\/03\/descarga_11zon-150x150.jpg 150w\" data-sizes=\"(max-width: 225px) 100vw, 225px\" src=\"data:image\/svg+xml;base64,PHN2ZyB3aWR0aD0iMSIgaGVpZ2h0PSIxIiB4bWxucz0iaHR0cDovL3d3dy53My5vcmcvMjAwMC9zdmciPjwvc3ZnPg==\" style=\"--smush-placeholder-width: 225px; --smush-placeholder-aspect-ratio: 225\/225;\" \/><\/a><\/div><div class=\"w-vwrapper usg_vwrapper_1 has_text_color align_none valign_top\"><h2 class=\"w-post-elm post_title usg_post_title_1 has_text_color entry-title color_link_inherit\"><a href=\"https:\/\/www.elfinancierocr.com\/negocios\/fantasy-rooms-alivia-la-caida-de-visitantes-con\/PIGJDX3JUFGYFFAKSSBEWFOTCQ\/story\/\" target=\"_blank\" rel=\"noopener nofollow\">EL FINANCIERO<\/a><\/h2><a class=\"w-btn us-btn-style_8 usg_btn_1 icon_atleft\" href=\"https:\/\/www.elfinancierocr.com\/negocios\/fantasy-rooms-alivia-la-caida-de-visitantes-con\/PIGJDX3JUFGYFFAKSSBEWFOTCQ\/story\/\" target=\"_blank\" rel=\"noopener nofollow\"><i class=\"fas fa-newspaper\"><\/i><span class=\"w-btn-label\">Ver nota<\/span><\/a><\/div>\t\t<\/div>\r\n\t<\/article>\r\n\t<article class=\"w-grid-item us_animate_afl size_1x1 post-10085 notas_medios type-notas_medios status-publish has-post-thumbnail hentry\" data-id=\"10085\" style=\"animation-delay:0.4s\">\r\n\t\t<div class=\"w-grid-item-h\">\r\n\t\t\t\t\t\t<div class=\"w-post-elm post_image usg_post_image_1 has_ratio\"><div style=\"padding-bottom:100%\"><\/div><a href=\"https:\/\/www.instagram.com\/p\/CNXP_FvhMiX\/?igshid=5uvydf6wsr0c\" target=\"_blank\" rel=\"noopener nofollow\" aria-label=\"Vado News\"><img decoding=\"async\" width=\"530\" height=\"392\" data-src=\"https:\/\/fantasyrooms.com\/blog\/wp-content\/uploads\/2023\/03\/Screen-Shot-2021-05-27-at-21.59.05_11zon.jpg\" class=\"attachment-full size-full wp-post-image lazyload\" alt=\"Fantasy Rooms\" data-srcset=\"https:\/\/fantasyrooms.com\/blog\/wp-content\/uploads\/2023\/03\/Screen-Shot-2021-05-27-at-21.59.05_11zon.jpg 530w, https:\/\/fantasyrooms.com\/blog\/wp-content\/uploads\/2023\/03\/Screen-Shot-2021-05-27-at-21.59.05_11zon-300x222.jpg 300w\" data-sizes=\"(max-width: 530px) 100vw, 530px\" src=\"data:image\/svg+xml;base64,PHN2ZyB3aWR0aD0iMSIgaGVpZ2h0PSIxIiB4bWxucz0iaHR0cDovL3d3dy53My5vcmcvMjAwMC9zdmciPjwvc3ZnPg==\" style=\"--smush-placeholder-width: 530px; --smush-placeholder-aspect-ratio: 530\/392;\" \/><\/a><\/div><div class=\"w-vwrapper usg_vwrapper_1 has_text_color align_none valign_top\"><h2 class=\"w-post-elm post_title usg_post_title_1 has_text_color entry-title color_link_inherit\"><a href=\"https:\/\/www.instagram.com\/p\/CNXP_FvhMiX\/?igshid=5uvydf6wsr0c\" target=\"_blank\" rel=\"noopener nofollow\">Vado News<\/a><\/h2><a class=\"w-btn us-btn-style_8 usg_btn_1 icon_atleft\" href=\"https:\/\/www.instagram.com\/p\/CNXP_FvhMiX\/?igshid=5uvydf6wsr0c\" target=\"_blank\" rel=\"noopener nofollow\"><i class=\"fas fa-newspaper\"><\/i><span class=\"w-btn-label\">Ver nota<\/span><\/a><\/div>\t\t<\/div>\r\n\t<\/article>\r\n\t<article class=\"w-grid-item us_animate_afl size_1x1 post-10079 notas_medios type-notas_medios status-publish has-post-thumbnail hentry\" data-id=\"10079\" style=\"animation-delay:0.5s\">\r\n\t\t<div class=\"w-grid-item-h\">\r\n\t\t\t\t\t\t<div class=\"w-post-elm post_image usg_post_image_1 has_ratio\"><div style=\"padding-bottom:100%\"><\/div><a href=\"https:\/\/www.lateja.cr\/nacional\/sol-calienta-aun-mas-cuatro-moteles-josefinos\/IVQ2IMNBDRBEFKC7UOU4HZJQHM\/story\/\" target=\"_blank\" rel=\"noopener nofollow\" aria-label=\"LA TEJA\"><img decoding=\"async\" width=\"400\" height=\"400\" data-src=\"https:\/\/fantasyrooms.com\/blog\/wp-content\/uploads\/2023\/03\/XRrvhb6Y_11zon.jpg\" class=\"attachment-full size-full wp-post-image lazyload\" alt=\"Fantasy Rooms\" data-srcset=\"https:\/\/fantasyrooms.com\/blog\/wp-content\/uploads\/2023\/03\/XRrvhb6Y_11zon.jpg 400w, https:\/\/fantasyrooms.com\/blog\/wp-content\/uploads\/2023\/03\/XRrvhb6Y_11zon-300x300.jpg 300w, https:\/\/fantasyrooms.com\/blog\/wp-content\/uploads\/2023\/03\/XRrvhb6Y_11zon-150x150.jpg 150w\" data-sizes=\"(max-width: 400px) 100vw, 400px\" src=\"data:image\/svg+xml;base64,PHN2ZyB3aWR0aD0iMSIgaGVpZ2h0PSIxIiB4bWxucz0iaHR0cDovL3d3dy53My5vcmcvMjAwMC9zdmciPjwvc3ZnPg==\" style=\"--smush-placeholder-width: 400px; --smush-placeholder-aspect-ratio: 400\/400;\" \/><\/a><\/div><div class=\"w-vwrapper usg_vwrapper_1 has_text_color align_none valign_top\"><h2 class=\"w-post-elm post_title usg_post_title_1 has_text_color entry-title color_link_inherit\"><a href=\"https:\/\/www.lateja.cr\/nacional\/sol-calienta-aun-mas-cuatro-moteles-josefinos\/IVQ2IMNBDRBEFKC7UOU4HZJQHM\/story\/\" target=\"_blank\" rel=\"noopener nofollow\">LA TEJA<\/a><\/h2><a class=\"w-btn us-btn-style_8 usg_btn_1 icon_atleft\" href=\"https:\/\/www.lateja.cr\/nacional\/sol-calienta-aun-mas-cuatro-moteles-josefinos\/IVQ2IMNBDRBEFKC7UOU4HZJQHM\/story\/\" target=\"_blank\" rel=\"noopener nofollow\"><i class=\"fas fa-newspaper\"><\/i><span class=\"w-btn-label\">Ver nota<\/span><\/a><\/div>\t\t<\/div>\r\n\t<\/article>\r\n\t<article class=\"w-grid-item us_animate_afl size_1x1 post-10075 notas_medios type-notas_medios status-publish has-post-thumbnail hentry\" data-id=\"10075\" style=\"animation-delay:0.6s\">\r\n\t\t<div class=\"w-grid-item-h\">\r\n\t\t\t\t\t\t<div class=\"w-post-elm post_image usg_post_image_1 has_ratio\"><div style=\"padding-bottom:100%\"><\/div><a href=\"https:\/\/observador.cr\/4-moteles-de-costa-rica-cuentan-en-conjunto-con-500-paneles-solares\/amp\/\" target=\"_blank\" rel=\"noopener nofollow\" aria-label=\"El Observador\"><img decoding=\"async\" width=\"1200\" height=\"503\" data-src=\"https:\/\/fantasyrooms.com\/blog\/wp-content\/uploads\/2023\/03\/ELO-1_11zon.jpg\" class=\"attachment-full size-full wp-post-image lazyload\" alt=\"Fantasy Rooms\" data-srcset=\"https:\/\/fantasyrooms.com\/blog\/wp-content\/uploads\/2023\/03\/ELO-1_11zon.jpg 1200w, https:\/\/fantasyrooms.com\/blog\/wp-content\/uploads\/2023\/03\/ELO-1_11zon-300x126.jpg 300w, https:\/\/fantasyrooms.com\/blog\/wp-content\/uploads\/2023\/03\/ELO-1_11zon-1024x429.jpg 1024w\" data-sizes=\"(max-width: 1200px) 100vw, 1200px\" src=\"data:image\/svg+xml;base64,PHN2ZyB3aWR0aD0iMSIgaGVpZ2h0PSIxIiB4bWxucz0iaHR0cDovL3d3dy53My5vcmcvMjAwMC9zdmciPjwvc3ZnPg==\" style=\"--smush-placeholder-width: 1200px; --smush-placeholder-aspect-ratio: 1200\/503;\" \/><\/a><\/div><div class=\"w-vwrapper usg_vwrapper_1 has_text_color align_none valign_top\"><h2 class=\"w-post-elm post_title usg_post_title_1 has_text_color entry-title color_link_inherit\"><a href=\"https:\/\/observador.cr\/4-moteles-de-costa-rica-cuentan-en-conjunto-con-500-paneles-solares\/amp\/\" target=\"_blank\" rel=\"noopener nofollow\">El Observador<\/a><\/h2><a class=\"w-btn us-btn-style_8 usg_btn_1 icon_atleft\" href=\"https:\/\/observador.cr\/4-moteles-de-costa-rica-cuentan-en-conjunto-con-500-paneles-solares\/amp\/\" target=\"_blank\" rel=\"noopener nofollow\"><i class=\"fas fa-newspaper\"><\/i><span class=\"w-btn-label\">Ver nota<\/span><\/a><\/div>\t\t<\/div>\r\n\t<\/article>\r\n\t<article class=\"w-grid-item us_animate_afl size_1x1 post-10069 notas_medios type-notas_medios status-publish has-post-thumbnail hentry\" data-id=\"10069\" style=\"animation-delay:0.7s\">\r\n\t\t<div class=\"w-grid-item-h\">\r\n\t\t\t\t\t\t<div class=\"w-post-elm post_image usg_post_image_1 has_ratio\"><div style=\"padding-bottom:100%\"><\/div><a href=\"https:\/\/elcorporativocr.com\/negocios\/fantasy-rooms-la-cadena-de-alojamiento-de-estancia-corta-implementa-cambios-para-ser-amigable-con-el-medio-ambiente\/\" target=\"_blank\" rel=\"noopener nofollow\" aria-label=\"El Corporativo\"><img decoding=\"async\" width=\"1264\" height=\"1062\" data-src=\"https:\/\/fantasyrooms.com\/blog\/wp-content\/uploads\/2023\/03\/LOGO-CORporativo_11zon.jpg\" class=\"attachment-full size-full wp-post-image lazyload\" alt=\"Fantasy Rooms\" data-srcset=\"https:\/\/fantasyrooms.com\/blog\/wp-content\/uploads\/2023\/03\/LOGO-CORporativo_11zon.jpg 1264w, https:\/\/fantasyrooms.com\/blog\/wp-content\/uploads\/2023\/03\/LOGO-CORporativo_11zon-300x252.jpg 300w, https:\/\/fantasyrooms.com\/blog\/wp-content\/uploads\/2023\/03\/LOGO-CORporativo_11zon-1024x860.jpg 1024w\" data-sizes=\"(max-width: 1264px) 100vw, 1264px\" src=\"data:image\/svg+xml;base64,PHN2ZyB3aWR0aD0iMSIgaGVpZ2h0PSIxIiB4bWxucz0iaHR0cDovL3d3dy53My5vcmcvMjAwMC9zdmciPjwvc3ZnPg==\" style=\"--smush-placeholder-width: 1264px; --smush-placeholder-aspect-ratio: 1264\/1062;\" \/><\/a><\/div><div class=\"w-vwrapper usg_vwrapper_1 has_text_color align_none valign_top\"><h2 class=\"w-post-elm post_title usg_post_title_1 has_text_color entry-title color_link_inherit\"><a href=\"https:\/\/elcorporativocr.com\/negocios\/fantasy-rooms-la-cadena-de-alojamiento-de-estancia-corta-implementa-cambios-para-ser-amigable-con-el-medio-ambiente\/\" target=\"_blank\" rel=\"noopener nofollow\">El Corporativo<\/a><\/h2><a class=\"w-btn us-btn-style_8 usg_btn_1 icon_atleft\" href=\"https:\/\/elcorporativocr.com\/negocios\/fantasy-rooms-la-cadena-de-alojamiento-de-estancia-corta-implementa-cambios-para-ser-amigable-con-el-medio-ambiente\/\" target=\"_blank\" rel=\"noopener nofollow\"><i class=\"fas fa-newspaper\"><\/i><span class=\"w-btn-label\">Ver nota<\/span><\/a><\/div>\t\t<\/div>\r\n\t<\/article>\r\n<\/div><div class=\"w-grid-preloader\"><div class=\"g-preloader type_1\">\r\n\t<div><\/div>\r\n<\/div>\r\n<\/div>\t<div class=\"w-grid-json hidden\" onclick='return {&quot;action&quot;:&quot;us_ajax_grid&quot;,&quot;ajax_url&quot;:&quot;https:\\\/\\\/fantasyrooms.com\\\/blog\\\/wp-admin\\\/admin-ajax.php&quot;,&quot;infinite_scroll&quot;:0,&quot;max_num_pages&quot;:1,&quot;pagination&quot;:&quot;infinite&quot;,&quot;permalink_url&quot;:&quot;https:\\\/\\\/fantasyrooms.com\\\/blog\\\/wp-json\\\/wp\\\/v2\\\/pages\\\/10058&quot;,&quot;template_vars&quot;:{&quot;columns&quot;:&quot;4&quot;,&quot;exclude_items&quot;:&quot;none&quot;,&quot;img_size&quot;:&quot;default&quot;,&quot;ignore_items_size&quot;:0,&quot;items_layout&quot;:&quot;10057&quot;,&quot;items_offset&quot;:&quot;1&quot;,&quot;load_animation&quot;:&quot;afl&quot;,&quot;overriding_link&quot;:&quot;none&quot;,&quot;post_id&quot;:10058,&quot;query_args&quot;:{&quot;post_type&quot;:[&quot;notas_medios&quot;],&quot;post_status&quot;:[&quot;publish&quot;,&quot;acf-disabled&quot;],&quot;posts_per_page&quot;:&quot;10&quot;},&quot;orderby_query_args&quot;:{&quot;orderby&quot;:{&quot;date&quot;:&quot;DESC&quot;}},&quot;type&quot;:&quot;grid&quot;,&quot;us_grid_ajax_index&quot;:1,&quot;us_grid_filter_params&quot;:null,&quot;us_grid_index&quot;:1,&quot;_us_grid_post_type&quot;:&quot;notas_medios&quot;}}'><\/div>\r\n\t<\/div><\/div><\/div><\/div><\/div><\/div><\/section>\n","protected":false},"excerpt":{"rendered":"Fantasy Rooms, la cadena de alojamiento de estancia corta, implementa cambios para ser amigable con el medio ambiente Las personas que visiten los alojamientos de estancia corta de la cadena Fantasy Rooms, ser\u00e1n parte del ahorro de energ\u00eda y ayudar\u00e1n a mitigar la contaminaci\u00f3n ambiental, gracias a los 500 paneles solares que fueron colocados a...","protected":false},"author":1,"featured_media":0,"parent":0,"menu_order":0,"comment_status":"closed","ping_status":"closed","template":"","meta":{"_acf_changed":false,"footnotes":""},"class_list":["post-10058","page","type-page","status-publish","hentry"],"acf":[],"yoast_head":"<!-- This site is optimized with the Yoast SEO Premium plugin v22.6 (Yoast SEO v27.2) - https:\/\/yoast.com\/product\/yoast-seo-premium-wordpress\/ -->\n<title>Notas de Medios - Fantasyrooms Moteles San Jos\u00e9<\/title>\n<meta name=\"robots\" content=\"index, follow, max-snippet:-1, max-image-preview:large, max-video-preview:-1\" \/>\n<link rel=\"canonical\" href=\"https:\/\/fantasyrooms.com\/blog\/notas-de-medios\/\" \/>\n<meta property=\"og:locale\" content=\"es_ES\" \/>\n<meta property=\"og:type\" content=\"article\" \/>\n<meta property=\"og:title\" content=\"Notas de Medios\" \/>\n<meta property=\"og:url\" content=\"https:\/\/fantasyrooms.com\/blog\/notas-de-medios\/\" \/>\n<meta property=\"og:site_name\" content=\"Fantasyrooms Moteles San Jos\u00e9\" \/>\n<meta property=\"article:modified_time\" content=\"2023-03-02T01:35:33+00:00\" \/>\n<meta name=\"twitter:card\" content=\"summary_large_image\" \/>\n<meta name=\"twitter:label1\" content=\"Tiempo de lectura\" \/>\n\t<meta name=\"twitter:data1\" content=\"1 minuto\" \/>\n<script type=\"application\/ld+json\" class=\"yoast-schema-graph\">{\"@context\":\"https:\/\/schema.org\",\"@graph\":[{\"@type\":\"WebPage\",\"@id\":\"https:\/\/fantasyrooms.com\/blog\/notas-de-medios\/\",\"url\":\"https:\/\/fantasyrooms.com\/blog\/notas-de-medios\/\",\"name\":\"Notas de Medios - Fantasyrooms Moteles San Jos\u00e9\",\"isPartOf\":{\"@id\":\"https:\/\/fantasyrooms.com\/blog\/#website\"},\"datePublished\":\"2023-03-02T00:17:38+00:00\",\"dateModified\":\"2023-03-02T01:35:33+00:00\",\"breadcrumb\":{\"@id\":\"https:\/\/fantasyrooms.com\/blog\/notas-de-medios\/#breadcrumb\"},\"inLanguage\":\"es\",\"potentialAction\":[{\"@type\":\"ReadAction\",\"target\":[\"https:\/\/fantasyrooms.com\/blog\/notas-de-medios\/\"]}]},{\"@type\":\"BreadcrumbList\",\"@id\":\"https:\/\/fantasyrooms.com\/blog\/notas-de-medios\/#breadcrumb\",\"itemListElement\":[{\"@type\":\"ListItem\",\"position\":1,\"name\":\"Portada\",\"item\":\"https:\/\/fantasyrooms.com\/blog\/\"},{\"@type\":\"ListItem\",\"position\":2,\"name\":\"Notas de Medios\"}]},{\"@type\":\"WebSite\",\"@id\":\"https:\/\/fantasyrooms.com\/blog\/#website\",\"url\":\"https:\/\/fantasyrooms.com\/blog\/\",\"name\":\"Fantasyrooms Moteles San Jos\u00e9\",\"description\":\"Fantasyrooms Moteles San Jos\u00e9\",\"potentialAction\":[{\"@type\":\"SearchAction\",\"target\":{\"@type\":\"EntryPoint\",\"urlTemplate\":\"https:\/\/fantasyrooms.com\/blog\/?s={search_term_string}\"},\"query-input\":{\"@type\":\"PropertyValueSpecification\",\"valueRequired\":true,\"valueName\":\"search_term_string\"}}],\"inLanguage\":\"es\"}]}<\/script>\n<!-- \/ Yoast SEO Premium plugin. -->","yoast_head_json":{"title":"Notas de Medios - Fantasyrooms Moteles San Jos\u00e9","robots":{"index":"index","follow":"follow","max-snippet":"max-snippet:-1","max-image-preview":"max-image-preview:large","max-video-preview":"max-video-preview:-1"},"canonical":"https:\/\/fantasyrooms.com\/blog\/notas-de-medios\/","og_locale":"es_ES","og_type":"article","og_title":"Notas de Medios","og_url":"https:\/\/fantasyrooms.com\/blog\/notas-de-medios\/","og_site_name":"Fantasyrooms Moteles San Jos\u00e9","article_modified_time":"2023-03-02T01:35:33+00:00","twitter_card":"summary_large_image","twitter_misc":{"Tiempo de lectura":"1 minuto"},"schema":{"@context":"https:\/\/schema.org","@graph":[{"@type":"WebPage","@id":"https:\/\/fantasyrooms.com\/blog\/notas-de-medios\/","url":"https:\/\/fantasyrooms.com\/blog\/notas-de-medios\/","name":"Notas de Medios - Fantasyrooms Moteles San Jos\u00e9","isPartOf":{"@id":"https:\/\/fantasyrooms.com\/blog\/#website"},"datePublished":"2023-03-02T00:17:38+00:00","dateModified":"2023-03-02T01:35:33+00:00","breadcrumb":{"@id":"https:\/\/fantasyrooms.com\/blog\/notas-de-medios\/#breadcrumb"},"inLanguage":"es","potentialAction":[{"@type":"ReadAction","target":["https:\/\/fantasyrooms.com\/blog\/notas-de-medios\/"]}]},{"@type":"BreadcrumbList","@id":"https:\/\/fantasyrooms.com\/blog\/notas-de-medios\/#breadcrumb","itemListElement":[{"@type":"ListItem","position":1,"name":"Portada","item":"https:\/\/fantasyrooms.com\/blog\/"},{"@type":"ListItem","position":2,"name":"Notas de Medios"}]},{"@type":"WebSite","@id":"https:\/\/fantasyrooms.com\/blog\/#website","url":"https:\/\/fantasyrooms.com\/blog\/","name":"Fantasyrooms Moteles San Jos\u00e9","description":"Fantasyrooms Moteles San Jos\u00e9","potentialAction":[{"@type":"SearchAction","target":{"@type":"EntryPoint","urlTemplate":"https:\/\/fantasyrooms.com\/blog\/?s={search_term_string}"},"query-input":{"@type":"PropertyValueSpecification","valueRequired":true,"valueName":"search_term_string"}}],"inLanguage":"es"}]}},"_links":{"self":[{"href":"https:\/\/fantasyrooms.com\/blog\/wp-json\/wp\/v2\/pages\/10058","targetHints":{"allow":["GET"]}}],"collection":[{"href":"https:\/\/fantasyrooms.com\/blog\/wp-json\/wp\/v2\/pages"}],"about":[{"href":"https:\/\/fantasyrooms.com\/blog\/wp-json\/wp\/v2\/types\/page"}],"author":[{"embeddable":true,"href":"https:\/\/fantasyrooms.com\/blog\/wp-json\/wp\/v2\/users\/1"}],"replies":[{"embeddable":true,"href":"https:\/\/fantasyrooms.com\/blog\/wp-json\/wp\/v2\/comments?post=10058"}],"version-history":[{"count":1,"href":"https:\/\/fantasyrooms.com\/blog\/wp-json\/wp\/v2\/pages\/10058\/revisions"}],"predecessor-version":[{"id":10076,"href":"https:\/\/fantasyrooms.com\/blog\/wp-json\/wp\/v2\/pages\/10058\/revisions\/10076"}],"wp:attachment":[{"href":"https:\/\/fantasyrooms.com\/blog\/wp-json\/wp\/v2\/media?parent=10058"}],"curies":[{"name":"wp","href":"https:\/\/api.w.org\/{rel}","templated":true}]}}